{"id":53636,"date":"2026-02-19T12:48:58","date_gmt":"2026-02-19T12:48:58","guid":{"rendered":"https:\/\/www.tornum.com\/?post_type=product&#038;p=53636"},"modified":"2026-03-25T11:03:00","modified_gmt":"2026-03-25T11:03:00","slug":"atlas","status":"publish","type":"product","link":"https:\/\/www.tornum.com\/sv\/produkt\/atlas\/","title":{"rendered":"ATLAS"},"content":{"rendered":"<div class=\"wpb-content-wrapper\"><p>[vc_row][vc_column width=&#8221;1\/2&#8243;][vc_column_text css=&#8221;&#8221;]<\/p>\n<p data-start=\"138\" data-end=\"466\"><strong data-start=\"138\" data-end=\"157\">Byggt f\u00f6r effektivitet och s\u00e4kerhet<br \/>\n<\/strong><\/p>\n<p data-start=\"138\" data-end=\"466\">Atlas Transport koordinerar varje komponent i ditt system, sparar tid och f\u00f6rhindrar fel. Operat\u00f6rer beh\u00f6ver bara v\u00e4lja start- och slutpunkt, och Atlas sk\u00f6ter resten. Det m\u00f6jligg\u00f6r en smidig drift med mindre \u00f6vervakning, realtids\u00e5terkoppling och larmhantering samt snabbare, s\u00e4krare och renare \u00f6verf\u00f6ringscykler.<\/p>\n<p data-start=\"468\" data-end=\"865\">Som en del av Atlas-ekosystemet integreras transportsystemet med alla andra moduler, inklusive torkstyrning och intelligent lagringsstyrning, och erbjuder ett enda gr\u00e4nssnitt f\u00f6r hela anl\u00e4ggningen. Detta m\u00f6jligg\u00f6r enhetlig kontroll av alla processer i anl\u00e4ggningen, fj\u00e4rr\u00e5tkomst med realtidsdata samt prediktiva insikter med full sp\u00e5rbarhet, vilket ger operat\u00f6rer full kontroll \u00f6ver varje process.<\/p>\n<p>[\/vc_column_text][\/vc_column][vc_column width=&#8221;1\/2&#8243;][vc_column_text css=&#8221;&#8221;]<\/p>\n<p data-start=\"164\" data-end=\"347\"><strong data-start=\"164\" data-end=\"183\">Se till att varje korn r\u00e4knas<\/strong><\/p>\n<p data-start=\"164\" data-end=\"347\">Atlas Transport tar full kontroll \u00f6ver din spannm\u00e5lshantering fr\u00e5n mottagning till lagring och utlastning, och s\u00e4kerst\u00e4ller ett smidigt, automatiskt och intelligent fl\u00f6de genom hela anl\u00e4ggningen.<\/p>\n<p data-start=\"349\" data-end=\"739\">Systemet \u00e4r utformat f\u00f6r att optimera varje steg i processen. Med Scheduling och Auto Pit kan \u00f6verf\u00f6ringar planeras och utf\u00f6ras automatiskt, medan Multi Destination Queue Scheduling g\u00f6r det m\u00f6jligt att hantera flera rutter i sekvens. Genom Intelligent Routing v\u00e4ljs transportband och elevatorer automatiskt f\u00f6r varje v\u00e4g, vilket s\u00e4kerst\u00e4ller effektiv transport varje g\u00e5ng.<\/p>\n<p data-start=\"741\" data-end=\"1025\">Operat\u00f6rer f\u00e5r full \u00f6verblick med Route Map Visualization, som ger en tydlig \u00f6versikt \u00f6ver varje spannm\u00e5lsr\u00f6relse. F\u00f6r att uppr\u00e4tth\u00e5lla tillf\u00f6rlitlighet hj\u00e4lper Blockage Detection and Resolution till att f\u00f6rhindra driftstopp, medan Preventive Maintenance ger intelligenta varningar innan fel uppst\u00e5r.<\/p>\n<p data-start=\"1027\" data-end=\"1165\">Process Completion Notifications h\u00e5ller operat\u00f6rer informerade n\u00e4r varje \u00f6verf\u00f6ring \u00e4r klar, vilket m\u00f6jligg\u00f6r b\u00e4ttre kontroll och samordning.<\/p>\n<p data-start=\"1167\" data-end=\"1292\">Tillsammans skapar dessa funktioner ett smartare, s\u00e4krare och mer effektivt system f\u00f6r spannm\u00e5lshantering som verkligen g\u00f6r att varje korn r\u00e4knas.<\/p>\n<p>[\/vc_column_text][\/vc_column][\/vc_row]<\/p>\n<\/div>","protected":false},"excerpt":{"rendered":"<h2 data-start=\"75\" data-end=\"132\">Atlas Transport \u2013 Smartare styrning f\u00f6r spannm\u00e5lsanl\u00e4ggningar<\/h2>\n<p data-start=\"134\" data-end=\"638\">Atlas Transport \u00e4r ett avancerat system utformat f\u00f6r att optimera spannm\u00e5lshantering fr\u00e5n mottagning till lagring och utlastning, och s\u00e4kerst\u00e4lla ett smidigt, automatiskt och intelligent fl\u00f6de genom hela anl\u00e4ggningen samtidigt som effektivitet och s\u00e4kerhet f\u00f6rb\u00e4ttras. Som en del av Atlas-ekosystemet integreras Atlas Transport s\u00f6ml\u00f6st med andra moduler, inklusive torkstyrning och intelligenta lagringssystem, och erbjuder en enhetlig plattform d\u00e4r operat\u00f6rer kan \u00f6vervaka och styra hela anl\u00e4ggningen via ett enda gr\u00e4nssnitt.<\/p>\n<p>&nbsp;<\/p>\n<p>&nbsp;<\/p>\n","protected":false},"featured_media":53488,"comment_status":"open","ping_status":"closed","template":"","meta":{"_acf_changed":false},"product_brand":[],"product_cat":[213,215,194,198],"product_tag":[273,293],"class_list":{"0":"post-53636","1":"product","2":"type-product","3":"status-publish","4":"has-post-thumbnail","6":"product_cat-alla-produkter","7":"product_cat-spannmal","8":"product_cat-styrsystem-och-overvakning","9":"product_cat-nmc-sv","10":"product_tag-monitoring-sv","11":"product_tag-storage-sv","12":"description-off","14":"first","15":"instock","16":"shipping-taxable","17":"product-type-simple"},"acf":[],"_links":{"self":[{"href":"https:\/\/www.tornum.com\/sv\/wp-json\/wp\/v2\/product\/53636","targetHints":{"allow":["GET"]}}],"collection":[{"href":"https:\/\/www.tornum.com\/sv\/wp-json\/wp\/v2\/product"}],"about":[{"href":"https:\/\/www.tornum.com\/sv\/wp-json\/wp\/v2\/types\/product"}],"replies":[{"embeddable":true,"href":"https:\/\/www.tornum.com\/sv\/wp-json\/wp\/v2\/comments?post=53636"}],"version-history":[{"count":11,"href":"https:\/\/www.tornum.com\/sv\/wp-json\/wp\/v2\/product\/53636\/revisions"}],"predecessor-version":[{"id":53737,"href":"https:\/\/www.tornum.com\/sv\/wp-json\/wp\/v2\/product\/53636\/revisions\/53737"}],"wp:featuredmedia":[{"embeddable":true,"href":"https:\/\/www.tornum.com\/sv\/wp-json\/wp\/v2\/media\/53488"}],"wp:attachment":[{"href":"https:\/\/www.tornum.com\/sv\/wp-json\/wp\/v2\/media?parent=53636"}],"wp:term":[{"taxonomy":"product_brand","embeddable":true,"href":"https:\/\/www.tornum.com\/sv\/wp-json\/wp\/v2\/product_brand?post=53636"},{"taxonomy":"product_cat","embeddable":true,"href":"https:\/\/www.tornum.com\/sv\/wp-json\/wp\/v2\/product_cat?post=53636"},{"taxonomy":"product_tag","embeddable":true,"href":"https:\/\/www.tornum.com\/sv\/wp-json\/wp\/v2\/product_tag?post=53636"}],"curies":[{"name":"wp","href":"https:\/\/api.w.org\/{rel}","templated":true}]}}