{"id":36841,"date":"2023-09-01T16:14:34","date_gmt":"2023-09-01T16:14:34","guid":{"rendered":"https:\/\/www.tornum.com\/exhibitions\/"},"modified":"2024-06-26T14:55:27","modified_gmt":"2024-06-26T14:55:27","slug":"%d0%b2%d0%b8%d1%81%d1%82%d0%b0%d0%b2%d0%ba%d0%b8-%d1%82%d0%b0-%d0%b7%d0%b0%d1%85%d0%be%d0%b4%d0%b8","status":"publish","type":"page","link":"https:\/\/www.tornum.com\/uk\/%d0%b2%d0%b8%d1%81%d1%82%d0%b0%d0%b2%d0%ba%d0%b8-%d1%82%d0%b0-%d0%b7%d0%b0%d1%85%d0%be%d0%b4%d0%b8\/","title":{"rendered":"\u0412\u0418\u0421\u0422\u0410\u0412\u041a\u0418 \u0422\u0410 \u0417\u0410\u0425\u041e\u0414\u0418"},"content":{"rendered":"\t\t<div data-elementor-type=\"wp-page\" data-elementor-id=\"36841\" class=\"elementor elementor-36841 elementor-16168\" data-elementor-settings=\"{&quot;ha_cmc_init_switcher&quot;:&quot;no&quot;}\" data-elementor-post-type=\"page\">\n\t\t\t\t\t\t<section class=\"elementor-section elementor-top-section elementor-element elementor-element-1f116e6 elementor-section-boxed elementor-section-height-default elementor-section-height-default\" data-id=\"1f116e6\" data-element_type=\"section\" data-settings=\"{&quot;_ha_eqh_enable&quot;:false}\">\n\t\t\t\t\t\t<div class=\"elementor-container elementor-column-gap-default\">\n\t\t\t\t\t<div class=\"elementor-column elementor-col-100 elementor-top-column elementor-element elementor-element-279d573\" data-id=\"279d573\" data-element_type=\"column\">\n\t\t\t<div class=\"elementor-widget-wrap\">\n\t\t\t\t\t\t\t<\/div>\n\t\t<\/div>\n\t\t\t\t\t<\/div>\n\t\t<\/section>\n\t\t\t\t<section class=\"elementor-section elementor-top-section elementor-element elementor-element-2592c9a elementor-section-boxed elementor-section-height-default elementor-section-height-default\" data-id=\"2592c9a\" data-element_type=\"section\" data-settings=\"{&quot;_ha_eqh_enable&quot;:false}\">\n\t\t\t\t\t\t<div class=\"elementor-container elementor-column-gap-default\">\n\t\t\t\t\t<div class=\"elementor-column elementor-col-100 elementor-top-column elementor-element elementor-element-32f5386\" data-id=\"32f5386\" data-element_type=\"column\">\n\t\t\t<div class=\"elementor-widget-wrap elementor-element-populated\">\n\t\t\t\t\t\t<div class=\"elementor-element elementor-element-20f948b elementor-widget elementor-widget-spacer\" data-id=\"20f948b\" data-element_type=\"widget\" data-widget_type=\"spacer.default\">\n\t\t\t\t<div class=\"elementor-widget-container\">\n\t\t\t\t\t\t\t<div class=\"elementor-spacer\">\n\t\t\t<div class=\"elementor-spacer-inner\"><\/div>\n\t\t<\/div>\n\t\t\t\t\t\t<\/div>\n\t\t\t\t<\/div>\n\t\t\t\t<div class=\"elementor-element elementor-element-da06919 elementor-widget elementor-widget-heading\" data-id=\"da06919\" data-element_type=\"widget\" data-widget_type=\"heading.default\">\n\t\t\t\t<div class=\"elementor-widget-container\">\n\t\t\t\t\t<h2 class=\"elementor-heading-title elementor-size-default\">\u0412\u0438\u0441\u0442\u0430\u0432\u043a\u0438 \u0442\u0430 \u0437\u0430\u0445\u043e\u0434\u0438<\/h2>\t\t\t\t<\/div>\n\t\t\t\t<\/div>\n\t\t\t\t<div class=\"elementor-element elementor-element-788e190 elementor-widget elementor-widget-spacer\" data-id=\"788e190\" data-element_type=\"widget\" data-widget_type=\"spacer.default\">\n\t\t\t\t<div class=\"elementor-widget-container\">\n\t\t\t\t\t\t\t<div class=\"elementor-spacer\">\n\t\t\t<div class=\"elementor-spacer-inner\"><\/div>\n\t\t<\/div>\n\t\t\t\t\t\t<\/div>\n\t\t\t\t<\/div>\n\t\t\t\t<div class=\"elementor-element elementor-element-93293c6 elementor-widget elementor-widget-text-editor\" data-id=\"93293c6\" data-element_type=\"widget\" data-widget_type=\"text-editor.default\">\n\t\t\t\t<div class=\"elementor-widget-container\">\n\t\t\t\t\t\t\t\t\t<p>\u041e\u043a\u0440\u0456\u043c \u0437\u0430\u0433\u0430\u043b\u044c\u043d\u043e\u043d\u0430\u0446\u0456\u043e\u043d\u0430\u043b\u044c\u043d\u0438\u0445 \u0437\u0430\u0445\u043e\u0434\u0456\u0432, \u0443 \u043d\u0430\u0448\u0438\u0445 \u043e\u0444\u0456\u0441\u0430\u0445 \u0456 \u043d\u0430 \u043d\u0430\u0448\u0438\u0445 \u043e\u0431\u2019\u0454\u043a\u0442\u0430\u0445 \u043f\u0440\u043e\u0432\u043e\u0434\u0438\u0442\u044c\u0441\u044f \u0431\u0430\u0433\u0430\u0442\u043e \u043c\u0456\u0441\u0446\u0435\u0432\u0438\u0445 \u0432\u0438\u0441\u0442\u0430\u0432\u043a\u043e\u0432\u0438\u0445 \u0437\u0430\u0445\u043e\u0434\u0456\u0432, \u0434\u043d\u0456\u0432 \u0432\u0456\u0434\u043a\u0440\u0438\u0442\u0438\u0445 \u0434\u0432\u0435\u0440\u0435\u0439, \u0442\u0440\u0435\u043d\u0456\u043d\u0433\u0456\u0432 \u0442\u0430 \u0456\u043d\u0448\u0438\u0445 \u043f\u043e\u0434\u0456\u0439. \u0429\u043e\u0431 \u043e\u0442\u0440\u0438\u043c\u0430\u0442\u0438 \u0434\u043e\u043a\u043b\u0430\u0434\u043d\u0456\u0448\u0443 \u0456\u043d\u0444\u043e\u0440\u043c\u0430\u0446\u0456\u044e, \u043d\u0430\u0442\u0438\u0441\u043d\u0456\u0442\u044c \u043d\u0430 \u043f\u043e\u0434\u0456\u044e \u0430\u0431\u043e \u0437\u0432\u0435\u0440\u043d\u0456\u0442\u044c\u0441\u044f \u0434\u043e \u043c\u0456\u0441\u0446\u0435\u0432\u043e\u0433\u043e \u043f\u0440\u0435\u0434\u0441\u0442\u0430\u0432\u043d\u0438\u0446\u0442\u0432\u0430 Tornum.<\/p>\t\t\t\t\t\t\t\t<\/div>\n\t\t\t\t<\/div>\n\t\t\t\t<div class=\"elementor-element elementor-element-1cec8be elementor-widget elementor-widget-spacer\" data-id=\"1cec8be\" data-element_type=\"widget\" data-widget_type=\"spacer.default\">\n\t\t\t\t<div class=\"elementor-widget-container\">\n\t\t\t\t\t\t\t<div class=\"elementor-spacer\">\n\t\t\t<div class=\"elementor-spacer-inner\"><\/div>\n\t\t<\/div>\n\t\t\t\t\t\t<\/div>\n\t\t\t\t<\/div>\n\t\t\t\t\t<\/div>\n\t\t<\/div>\n\t\t\t\t\t<\/div>\n\t\t<\/section>\n\t\t\t\t<section class=\"elementor-section elementor-top-section elementor-element elementor-element-2a9c92b elementor-section-boxed elementor-section-height-default elementor-section-height-default\" data-id=\"2a9c92b\" data-element_type=\"section\" data-settings=\"{&quot;_ha_eqh_enable&quot;:false}\">\n\t\t\t\t\t\t<div class=\"elementor-container elementor-column-gap-default\">\n\t\t\t\t\t<div class=\"elementor-column elementor-col-33 elementor-top-column elementor-element elementor-element-b9a9355\" data-id=\"b9a9355\" data-element_type=\"column\">\n\t\t\t<div class=\"elementor-widget-wrap elementor-element-populated\">\n\t\t\t\t\t\t<div class=\"elementor-element elementor-element-cacc399 ha-card--top ha-card--tablet-top ha-card--mobile-top elementor-widget elementor-widget-ha-card happy-addon ha-card\" data-id=\"cacc399\" data-element_type=\"widget\" data-widget_type=\"ha-card.default\">\n\t\t\t\t<div class=\"elementor-widget-container\">\n\t\t\t\t\t\n\t\t\t\t\t<figure class=\"ha-card-figure\">\n\t\t\t\t<img fetchpriority=\"high\" decoding=\"async\" width=\"350\" height=\"199\" src=\"https:\/\/www.tornum.com\/wp-content\/uploads\/2024\/06\/getimage.jpg\" class=\"attachment-large size-large wp-image-35544\" alt=\"\" srcset=\"https:\/\/www.tornum.com\/wp-content\/uploads\/2024\/06\/getimage.jpg 350w, https:\/\/www.tornum.com\/wp-content\/uploads\/2024\/06\/getimage-300x171.jpg 300w, https:\/\/www.tornum.com\/wp-content\/uploads\/2024\/06\/getimage-24x14.jpg 24w, https:\/\/www.tornum.com\/wp-content\/uploads\/2024\/06\/getimage-36x20.jpg 36w, https:\/\/www.tornum.com\/wp-content\/uploads\/2024\/06\/getimage-48x27.jpg 48w\" sizes=\"(max-width: 350px) 100vw, 350px\" \/>\t\t\t\t\t\t\t\t\t<div class=\"ha-badge ha-badge--top-right\">26-27.06.2024 Bj\u00e4rred, Sweden<\/div>\n\t\t\t\t\t\t\t<\/figure>\n\t\t\n\t\t<div class=\"ha-card-body\">\n\n\t\t\t<h2 class=\"ha-card-title\">BORGEBY F\u00c4LTDAGAR<\/h2>\n\t\t\t\t\t\t\t<div class=\"ha-card-text\">\n\t\t\t\t\t<p>\nBorgeby F\u00e4ltdagar is an annual agricultural fair in Sk\u00e5ne, Sweden, that showcases cutting-edge farming technology and practices, drawing thousands of visitors from the agricultural community.<\/p>\n\t\t\t\t<\/div>\n\t\t\t\n\t\t\t<a class=\"ha-btn\" href=\"https:\/\/www.lammashow.com\/\" target=\"_blank\"><span class=\"ha-btn-text\">\u0414\u043e\u043a\u043b\u0430\u0434\u043d\u0456\u0448\u0435<\/span><\/a>\t\t<\/div>\n\t\t\t\t\t\t<\/div>\n\t\t\t\t<\/div>\n\t\t\t\t\t<\/div>\n\t\t<\/div>\n\t\t\t\t<div class=\"elementor-column elementor-col-33 elementor-top-column elementor-element elementor-element-60f78f2\" data-id=\"60f78f2\" data-element_type=\"column\">\n\t\t\t<div class=\"elementor-widget-wrap elementor-element-populated\">\n\t\t\t\t\t\t<div class=\"elementor-element elementor-element-26eeffb ha-card--top ha-card--tablet-top ha-card--mobile-top elementor-widget elementor-widget-ha-card happy-addon ha-card\" data-id=\"26eeffb\" data-element_type=\"widget\" data-widget_type=\"ha-card.default\">\n\t\t\t\t<div class=\"elementor-widget-container\">\n\t\t\t\t\t\n\t\t\t\t\t<figure class=\"ha-card-figure\">\n\t\t\t\t<img decoding=\"async\" width=\"1024\" height=\"590\" src=\"https:\/\/www.tornum.com\/wp-content\/uploads\/2024\/06\/brunnby_lantbrukardagar_logo-1024x590.png\" class=\"attachment-large size-large wp-image-35561\" alt=\"\" srcset=\"https:\/\/www.tornum.com\/wp-content\/uploads\/2024\/06\/brunnby_lantbrukardagar_logo-e1718174940770.png 1024w, https:\/\/www.tornum.com\/wp-content\/uploads\/2024\/06\/brunnby_lantbrukardagar_logo-300x173.png 300w, https:\/\/www.tornum.com\/wp-content\/uploads\/2024\/06\/brunnby_lantbrukardagar_logo-768x442.png 768w, https:\/\/www.tornum.com\/wp-content\/uploads\/2024\/06\/brunnby_lantbrukardagar_logo-24x14.png 24w, https:\/\/www.tornum.com\/wp-content\/uploads\/2024\/06\/brunnby_lantbrukardagar_logo-36x21.png 36w, https:\/\/www.tornum.com\/wp-content\/uploads\/2024\/06\/brunnby_lantbrukardagar_logo-48x28.png 48w, https:\/\/www.tornum.com\/wp-content\/uploads\/2024\/06\/brunnby_lantbrukardagar_logo-600x346.png 600w\" sizes=\"(max-width: 1024px) 100vw, 1024px\" \/>\t\t\t\t\t\t\t\t\t<div class=\"ha-badge ha-badge--top-right\">03-04.07.2024 V\u00e4ster\u00e5s, Sweden<\/div>\n\t\t\t\t\t\t\t<\/figure>\n\t\t\n\t\t<div class=\"ha-card-body\">\n\n\t\t\t<h2 class=\"ha-card-title\">BRUNNBY LANTBRUKARDAGAR<\/h2>\n\t\t\t\t\t\t\t<div class=\"ha-card-text\">\n\t\t\t\t\t<p>Brunnby Lantbrukardagar, held at Brunnby G\u00e5rd near V\u00e4ster\u00e5s, is a significant meeting place for farmers in mid-Sweden, drawing thousands of visitors from the agricultural community<\/p>\n\t\t\t\t<\/div>\n\t\t\t\n\t\t\t<a class=\"ha-btn\" href=\"https:\/\/agromashexpo.hu\/en\/\" target=\"_blank\"><span class=\"ha-btn-text\">\u0414\u043e\u043a\u043b\u0430\u0434\u043d\u0456\u0448\u0435<\/span><\/a>\t\t<\/div>\n\t\t\t\t\t\t<\/div>\n\t\t\t\t<\/div>\n\t\t\t\t\t<\/div>\n\t\t<\/div>\n\t\t\t\t<div class=\"elementor-column elementor-col-33 elementor-top-column elementor-element elementor-element-6743f12\" data-id=\"6743f12\" data-element_type=\"column\">\n\t\t\t<div class=\"elementor-widget-wrap elementor-element-populated\">\n\t\t\t\t\t\t<div class=\"elementor-element elementor-element-6970c07 ha-card--top ha-card--tablet-top ha-card--mobile-top elementor-widget elementor-widget-ha-card happy-addon ha-card\" data-id=\"6970c07\" data-element_type=\"widget\" data-widget_type=\"ha-card.default\">\n\t\t\t\t<div class=\"elementor-widget-container\">\n\t\t\t\t\t\n\t\t\t\t\t<figure class=\"ha-card-figure\">\n\t\t\t\t<img decoding=\"async\" width=\"1024\" height=\"347\" src=\"https:\/\/www.tornum.com\/wp-content\/uploads\/2024\/06\/elmia-lantbruk-logo-skog-1024x347.png\" class=\"attachment-large size-large wp-image-35579\" alt=\"\" srcset=\"https:\/\/www.tornum.com\/wp-content\/uploads\/2024\/06\/elmia-lantbruk-logo-skog-1024x347.png 1024w, https:\/\/www.tornum.com\/wp-content\/uploads\/2024\/06\/elmia-lantbruk-logo-skog-300x102.png 300w, https:\/\/www.tornum.com\/wp-content\/uploads\/2024\/06\/elmia-lantbruk-logo-skog-768x260.png 768w, https:\/\/www.tornum.com\/wp-content\/uploads\/2024\/06\/elmia-lantbruk-logo-skog-24x8.png 24w, https:\/\/www.tornum.com\/wp-content\/uploads\/2024\/06\/elmia-lantbruk-logo-skog-36x12.png 36w, https:\/\/www.tornum.com\/wp-content\/uploads\/2024\/06\/elmia-lantbruk-logo-skog-48x16.png 48w, https:\/\/www.tornum.com\/wp-content\/uploads\/2024\/06\/elmia-lantbruk-logo-skog-600x203.png 600w, https:\/\/www.tornum.com\/wp-content\/uploads\/2024\/06\/elmia-lantbruk-logo-skog.png 1192w\" sizes=\"(max-width: 1024px) 100vw, 1024px\" \/>\t\t\t\t\t\t\t\t\t<div class=\"ha-badge ha-badge--top-right\">16-18.10.2024 J\u00f6nk\u00f6ping, Sweden<\/div>\n\t\t\t\t\t\t\t<\/figure>\n\t\t\n\t\t<div class=\"ha-card-body\">\n\n\t\t\t<h2 class=\"ha-card-title\">ELMIA LANTBRUK<\/h2>\n\t\t\t\t\t\t\t<div class=\"ha-card-text\">\n\t\t\t\t\t<p>Elmia Lantbruk, held in J\u00f6nk\u00f6ping, is a national agricultural fair where visitors gather to explore innovations, connect with exhibitors showcasing machinery, equipment, and livestock, and participate in seminars.<\/p>\n\t\t\t\t<\/div>\n\t\t\t\n\t\t\t<a class=\"ha-btn\" href=\"https:\/\/www.feriazaragoza.com\/fima-agricola\" target=\"_blank\"><span class=\"ha-btn-text\">\u0414\u043e\u043a\u043b\u0430\u0434\u043d\u0456\u0448\u0435<\/span><\/a>\t\t<\/div>\n\t\t\t\t\t\t<\/div>\n\t\t\t\t<\/div>\n\t\t\t\t\t<\/div>\n\t\t<\/div>\n\t\t\t\t\t<\/div>\n\t\t<\/section>\n\t\t\t\t<section class=\"elementor-section elementor-top-section elementor-element elementor-element-df6083e elementor-section-boxed elementor-section-height-default elementor-section-height-default\" data-id=\"df6083e\" data-element_type=\"section\" data-settings=\"{&quot;_ha_eqh_enable&quot;:false}\">\n\t\t\t\t\t\t<div class=\"elementor-container elementor-column-gap-default\">\n\t\t\t\t\t<div class=\"elementor-column elementor-col-100 elementor-top-column elementor-element elementor-element-07f5d01\" data-id=\"07f5d01\" data-element_type=\"column\">\n\t\t\t<div class=\"elementor-widget-wrap elementor-element-populated\">\n\t\t\t\t\t\t<div class=\"elementor-element elementor-element-33467bd elementor-widget elementor-widget-spacer\" data-id=\"33467bd\" data-element_type=\"widget\" data-widget_type=\"spacer.default\">\n\t\t\t\t<div class=\"elementor-widget-container\">\n\t\t\t\t\t\t\t<div class=\"elementor-spacer\">\n\t\t\t<div class=\"elementor-spacer-inner\"><\/div>\n\t\t<\/div>\n\t\t\t\t\t\t<\/div>\n\t\t\t\t<\/div>\n\t\t\t\t\t<\/div>\n\t\t<\/div>\n\t\t\t\t\t<\/div>\n\t\t<\/section>\n\t\t\t\t<\/div>\n\t\t","protected":false},"excerpt":{"rendered":"<p>\u0412\u0438\u0441\u0442\u0430\u0432\u043a\u0438 \u0442\u0430 \u0437\u0430\u0445\u043e\u0434\u0438 \u041e\u043a\u0440\u0456\u043c \u0437\u0430\u0433\u0430\u043b\u044c\u043d\u043e\u043d\u0430\u0446\u0456\u043e\u043d\u0430\u043b\u044c\u043d\u0438\u0445 \u0437\u0430\u0445\u043e\u0434\u0456\u0432, \u0443 \u043d\u0430\u0448\u0438\u0445 \u043e\u0444\u0456\u0441\u0430\u0445 \u0456 \u043d\u0430 \u043d\u0430\u0448\u0438\u0445 \u043e\u0431\u2019\u0454\u043a\u0442\u0430\u0445 \u043f\u0440\u043e\u0432\u043e\u0434\u0438\u0442\u044c\u0441\u044f \u0431\u0430\u0433\u0430\u0442\u043e \u043c\u0456\u0441\u0446\u0435\u0432\u0438\u0445 \u0432\u0438\u0441\u0442\u0430\u0432\u043a\u043e\u0432\u0438\u0445 \u0437\u0430\u0445\u043e\u0434\u0456\u0432, \u0434\u043d\u0456\u0432 \u0432\u0456\u0434\u043a\u0440\u0438\u0442\u0438\u0445 \u0434\u0432\u0435\u0440\u0435\u0439, \u0442\u0440\u0435\u043d\u0456\u043d\u0433\u0456\u0432 \u0442\u0430 \u0456\u043d\u0448\u0438\u0445 \u043f\u043e\u0434\u0456\u0439. \u0429\u043e\u0431 \u043e\u0442\u0440\u0438\u043c\u0430\u0442\u0438 \u0434\u043e\u043a\u043b\u0430\u0434\u043d\u0456\u0448\u0443 \u0456\u043d\u0444\u043e\u0440\u043c\u0430\u0446\u0456\u044e, \u043d\u0430\u0442\u0438\u0441\u043d\u0456\u0442\u044c \u043d\u0430 \u043f\u043e\u0434\u0456\u044e \u0430\u0431\u043e \u0437\u0432\u0435\u0440\u043d\u0456\u0442\u044c\u0441\u044f \u0434\u043e \u043c\u0456\u0441\u0446\u0435\u0432\u043e\u0433\u043e \u043f\u0440\u0435\u0434\u0441\u0442\u0430\u0432\u043d\u0438\u0446\u0442\u0432\u0430 Tornum. 26-27.06.2024 Bj\u00e4rred, Sweden BORGEBY F\u00c4LTDAGAR Borgeby F\u00e4ltdagar is an annual agricultural fair in Sk\u00e5ne, Sweden, that showcases&hellip;<\/p>\n","protected":false},"author":1,"featured_media":0,"parent":0,"menu_order":0,"comment_status":"closed","ping_status":"closed","template":"","meta":{"_acf_changed":false,"footnotes":""},"class_list":["post-36841","page","type-page","status-publish","hentry"],"acf":[],"_links":{"self":[{"href":"https:\/\/www.tornum.com\/uk\/wp-json\/wp\/v2\/pages\/36841","targetHints":{"allow":["GET"]}}],"collection":[{"href":"https:\/\/www.tornum.com\/uk\/wp-json\/wp\/v2\/pages"}],"about":[{"href":"https:\/\/www.tornum.com\/uk\/wp-json\/wp\/v2\/types\/page"}],"author":[{"embeddable":true,"href":"https:\/\/www.tornum.com\/uk\/wp-json\/wp\/v2\/users\/1"}],"replies":[{"embeddable":true,"href":"https:\/\/www.tornum.com\/uk\/wp-json\/wp\/v2\/comments?post=36841"}],"version-history":[{"count":7,"href":"https:\/\/www.tornum.com\/uk\/wp-json\/wp\/v2\/pages\/36841\/revisions"}],"predecessor-version":[{"id":36890,"href":"https:\/\/www.tornum.com\/uk\/wp-json\/wp\/v2\/pages\/36841\/revisions\/36890"}],"wp:attachment":[{"href":"https:\/\/www.tornum.com\/uk\/wp-json\/wp\/v2\/media?parent=36841"}],"curies":[{"name":"wp","href":"https:\/\/api.w.org\/{rel}","templated":true}]}}